{"id":65,"date":"2014-05-25T21:17:34","date_gmt":"2014-05-25T21:17:34","guid":{"rendered":"http:\/\/glmhungary.com\/?page_id=65"},"modified":"2014-05-25T21:17:34","modified_gmt":"2014-05-25T21:17:34","slug":"wine-tasting","status":"publish","type":"page","link":"https:\/\/europeanestateinvestments.com\/?page_id=65","title":{"rendered":"Wine Tasting"},"content":{"rendered":"<div class=\"entry-content\">\n<p>The UK is Hungary\u2019s third largest export market with sales increasing at a rapid rate ( over 47% increase in 2009 alone ).<\/p>\n<p>Taken into context Hungarian wine sales are still small in the UK and in fact such is the love of Hungarian wine by the home nationals very little wine ( 70 million litres ) is exported out of the country \u2013 just 25% of total production. Over 70% of wine production is white although it has to be said historically full bodied red wines have been the most popular &#8211;\u00a0 certainly with the Hungarian people.<\/p>\n<p>In the mid 19<sup><span style=\"font-size: small;\">th<\/span><\/sup> century Hungary was the third largest wine producer in the world with an enviable reputation for quality wines. War and politics changed all that. However, since the end of communism and the eastern bloc in the early 1990\u2019s both vineyard management and oenology have been overhauled and benefitted from increased capital investment resulting in technically sound and extremely good value wines.<\/p>\n<p><a href=\"http:\/\/europeanestateinvestments.com\/wp-content\/uploads\/2014\/05\/Wine-Tasting-in-Hungary-21.jpg\"><img decoding=\"async\" loading=\"lazy\" class=\"alignleft wp-image-168 size-full\" src=\"http:\/\/europeanestateinvestments.com\/wp-content\/uploads\/2014\/05\/Wine-Tasting-in-Hungary-21.jpg\" alt=\"Wine Tasting in Hungary-2\" width=\"174\" height=\"131\" \/><\/a><\/p>\n<p>&nbsp;<\/p>\n<p>Producers have been faced with the dilemma of either growing successful big volume brands such as Sauvignon Blanc and Pinot Grigio styles or sticking with indigenous grapes and terroir.\u00a0 The specialist home produced wines attracting a price premium due to the lower volume produced and the higher marketing costs needed to promote it on the world stage.<\/p>\n<p>As a well known American wine journalist said \u201c There are really only two kinds of wine, wines that taste as if they came from somewhere, and wines that taste as if they could from anywhere\u201d<\/p>\n<p>Hungary is no exception but it has to be said that for the first time the British public are now seeing the first Hungarian varieties on the supermarket shelves and the indigenous grapes appearing in more and more restaurants.<\/p>\n<p>With limited production capacity restricting export sales until a few years ago the marketing executives of the wine producers now feel confident of spreading the word that Hungarian wine has something to offer and worthy of buying. The major growth will continue to be dry white wine \u2013 elegance and acidity rather than tannins. In fact there is a noticeable trend for Hungarian producers to move away from high sugar, over ripe wines which the home market demanded. The most popular being Bordeaux style blends of Villany and the popular Bulls Blood from Eger and Szekszard still attract a price premium when sold overseas.<\/p>\n<p>The key problem facing Hungarian wine producers over the coming years is selling the country \u2013 and creating an identity for its\u2019 wine. By and large Hungarian wine remains undiscovered which makes life interesting for the wine taster. There could well be a perfect wine lurking out there that remains undiscovered.<\/p>\n<p>So Hungarian wine producers need to make sure the marketing story is credible, the wine producers are serious and in it for the long term but more importantly the quality of the wine is good and consistent. Tokaj a beautiful sweet wine, is currently the best known of all Hungarian wines but it is dangerous for the whole country to be associated with a single brand otherwise all non Tokaj producers will feel alienated and these producers revert back to satisfying domestic demand \u2013 which pre EU membership in 2004 may have worked but with 87 Tesco stores now in Hungary stocking a wide selection of low cost French and Italian wines and shortages no longer an issue this would be a risky strategy.<\/p>\n<p>For this reason Hungarian wine producers are forming marketing associations which aim to improve the reputation of Hungarian wine abroad. An event called \u201cWines of Hungary\u201d was held in London at the end of April 2009 which showcased nearly 200 wines \u2013 this event was the largest ever Hungarian tasting in the UK.<\/p>\n<p>At the event we saw wines from grapes that had been neglected since phylloxera swept through the region in the 19<sup><span style=\"font-size: small;\">th<\/span><\/sup> century. These producers have revived the wine and are achieving very good quality wine from very young vines. Once these vineyards mature the results could be exceptional.<\/p>\n<p>Hungary is now capable of producing fresh, everyday drinking wines at a very competitive price. Those who may have samples Hungarian wine in the past should look again \u2013 now is the time to discover wines that are truly refreshing<\/p>\n<p>Isabelle Legeron who now presents her own series \u2018Journey into Wine\u2019 for The Travel Channel, a fascinating series of observational documentaries charting Isabelle\u2019s journey around different countries exploring the history and culture of wine. She also regularly makes appearances on UKTV\u2019s Great Food Live, Sky One\u2019s Taste and Destination Lunch as well as appearing on BBC News and Newsnight. Isabella visited Hungary\u2019s wine regions in October 2008 and this was her view of Hungary and its\u2019 wines when interviewed by The Drinks Business.<\/p>\n<p>Basically Isabella \u00a0was amazed at the array of different flavours and styles of wines available. Hungary\u2019s strength is its\u2019 traditional red wines but with new dynamic young producers has the capability to produce some world class dry wines. The whites are very mineral without being overpowering and the reds have a very vibrant, fresh flavour \u2013 \u201cthey are great food wines\u201d she commented which should perform well in restaurants.<\/p>\n<p>Hungarian Wine \u2013 Did You Know?<\/p>\n<ol start=\"1\">\n<li>Hungary is the only country in the world where every inch of the land could be used for vine growing.<\/li>\n<li>Hungary ranks among the top 15 of the 71 wine producing countries in the world according to the size of grape plantations, wine produced, export, and consumption per person. Yet their vineyards are equal in size to only 2 percent of the world\u2019s vineyards.<\/li>\n<li>Chile, with cultivatable territory similar in size to that of Hungary, spends eight or nine times more money on marketing than Hungary does.<\/li>\n<li>A book written by a Hungarian serving in the court of the Dutch regent, Maria Habsburg, in 1536 said that \u201cwine is running everywhere in the country.\u201d The rich burghers of the day measured each other\u2019s wealth by how large their vineyards in the Tokaj region were.<\/li>\n<li>The popular Hungarian wine, Egri Bikav\u00e9r, or Bull\u2019s Blood, got its name when Turkish troops surrounded Eger castle in 1552, outnumbering by a hundred times the population inside the castle. During the savage attack, red wine was distributed to those fighting on the ramparts, reviving their strength. \u00a0The Turks, seeing the Hungarians\u2019 red stained shirts, ran away in fear, believing the Hungarians had been drinking bulls\u2019 blood to make them strong.<\/li>\n<\/ol>\n<p>Tokaj is Hungary\u2019s most famous wine region. Located in the northeast of the country<\/p>\n<p>Around the Lake Balaton area arguably the most scenic part of Hungary and the main tourist area \u00a0there are several wine growing areas \u2013 Badacsony \/ Balatonboglar \/ Balatonfelvidek :-<\/p>\n<p><strong>Badacsony (BUH-duh-chun-ye)<\/strong><br \/>\nViticulture began here more than 2,000 years ago.<\/p>\n<p><strong>Climate<\/strong>: Balaton Lake moderates temperatures and adds humidity, and sunshine predominates on the sunny southern and south-western slopes.<\/p>\n<p><strong>Soil<\/strong>: Slopes of volcanic hills covered with Pannonian clay, Pannonian sand, and loess, often missed with basalt and basaltic tuff detritus toward the summit.<\/p>\n<p><strong>Best grape varietals<\/strong>: Budai z\u00f6ld (Buda green), Chardonnay, Furmint, H\u00e1rslevelu, K\u00e9knyelu, Nekt\u00e1r, Olaszrizling Muscat Ottonel, Pinot blanc, Rhine Riesling, Riesling Sylvaner, Sauvignon blanc, Sz\u00fcrkebar\u00e1t (Pinot gris).<\/p>\n<p><a href=\"http:\/\/europeanestateinvestments.com\/wp-content\/uploads\/2014\/05\/Wine-Tasting-in-Hungary-11.jpg\"><img decoding=\"async\" loading=\"lazy\" class=\"size-full wp-image-167 aligncenter\" src=\"http:\/\/europeanestateinvestments.com\/wp-content\/uploads\/2014\/05\/Wine-Tasting-in-Hungary-11.jpg\" alt=\"Wine Tasting in Hungary-1\" width=\"192\" height=\"119\" \/><\/a><\/p>\n<p>&nbsp;<\/p>\n<p><strong>Balatonbogl\u00e1r (BUH-luh-tun-bo-glahr)<\/strong><br \/>\nA flourishing vini- and viticulture was created after the phylloxera disaster when new vines grew well in the <strong>Soil<\/strong> and produced excellent wines thanks to expert choice of suitable grape varietals.<\/p>\n<p><strong>Climate<\/strong>: balanced with good sunshine<\/p>\n<p><strong>Soil<\/strong>: hillside, brown forest <strong>Soil<\/strong>s formed on Pleistocene loess, brown earth and occasionally sand.<\/p>\n<p><strong>Best grape varietals<\/strong>: Chardonnay, Kir\u00e1lyle\u00e1nyka, Olaszrizling, Muscat Ottonel, Rhine Riesling, Rizlingszilv\u00e1ni (Riesling Sylvaner), Yellow Muscat, Sauvignon blanc, Sz\u00fcrkebar\u00e1t (Pinot gris), Tramini, Cabernet franc,<\/p>\n<p><strong>Balatonfelvid\u00e9k (BUH-luh-tun-fel-vee-dayk)<\/strong><br \/>\nIt is presumed that the Celts grew wine here, and for centuries this region had a reputation for fine wines. The Eszterh\u00e1zy family owned the vineyards here in the 18th century, and made natural dessert wines on their estates.<\/p>\n<p><strong>Climate<\/strong>: Upland, near Balaton Lake, similar to Badacsony but not always as favorable<\/p>\n<p><strong>Soil<\/strong>: Similar to Badacsony, with more variety, including: rendzina, lessivated brown forest <strong>Soil<\/strong>, brown earth, chernozem brown forest <strong>Soil<\/strong>, and stony earthy skeletal <strong>Soil<\/strong> formed on dolomite on top of Pannonian clay, sandstone detritus, loess and Pleistocene sand cover. Triassic limestone, marl, Pannonian sand, and basaltic tuff mixture.<\/p>\n<p><strong>Best grape varietals<\/strong>: Budai z\u00f6ld, Chardonnay, Cserszegi fuszeres, Furmint, Juhfark, K\u00e9knyelu, Nekt\u00e1r, Pinot blanc, Olaszrizling, Riesling Sylvaner, Sauvignon blanc, Yellow Muscat, Sz\u00fcrkebar\u00e1t (Pinot gris), Tramini, Zenit, Green Veltliner, Cabernet franc, Cabernet sauvignon, K\u00e9kfrankos, K\u00e9koport\u00f3, Pinot noir, Zwiegelt.<\/p>\n<p>&nbsp;<\/p>\n<p>Why not go and check out the wines for yourselve ?<\/p>\n<p>One festival highly recommended is the annual Wintage festival at Szekszard \u2013 normally held around the second \/ \u00a0third week of September<\/p>\n<\/div>\n","protected":false},"excerpt":{"rendered":"<p>The UK is Hungary\u2019s third largest export market with sales increasing at a rapid rate ( over 47% increase in 2009 alone ). Taken into context Hungarian wine sales are still small in the UK and in fact such is the love of Hungarian wine by the home nationals very little wine ( 70 million [&hellip;]<\/p>\n","protected":false},"author":1,"featured_media":167,"parent":0,"menu_order":0,"comment_status":"closed","ping_status":"open","template":"","meta":{"footnotes":""},"_links":{"self":[{"href":"https:\/\/europeanestateinvestments.com\/index.php?rest_route=\/wp\/v2\/pages\/65"}],"collection":[{"href":"https:\/\/europeanestateinvestments.com\/index.php?rest_route=\/wp\/v2\/pages"}],"about":[{"href":"https:\/\/europeanestateinvestments.com\/index.php?rest_route=\/wp\/v2\/types\/page"}],"author":[{"embeddable":true,"href":"https:\/\/europeanestateinvestments.com\/index.php?rest_route=\/wp\/v2\/users\/1"}],"replies":[{"embeddable":true,"href":"https:\/\/europeanestateinvestments.com\/index.php?rest_route=%2Fwp%2Fv2%2Fcomments&post=65"}],"version-history":[{"count":0,"href":"https:\/\/europeanestateinvestments.com\/index.php?rest_route=\/wp\/v2\/pages\/65\/revisions"}],"wp:featuredmedia":[{"embeddable":true,"href":"https:\/\/europeanestateinvestments.com\/index.php?rest_route=\/wp\/v2\/media\/167"}],"wp:attachment":[{"href":"https:\/\/europeanestateinvestments.com\/index.php?rest_route=%2Fwp%2Fv2%2Fmedia&parent=65"}],"curies":[{"name":"wp","href":"https:\/\/api.w.org\/{rel}","templated":true}]}}